{"id":416056,"date":"2026-05-14T18:44:08","date_gmt":"2026-05-14T16:44:08","guid":{"rendered":"https:\/\/www.zozodesign.pl\/sklep\/bransoletka-na-stope-pearl-z-wiszaca-literka-do-wyboru\/"},"modified":"2026-05-14T18:44:08","modified_gmt":"2026-05-14T16:44:08","slug":"bransoletka-na-stope-pearl-z-wiszaca-literka-do-wyboru","status":"publish","type":"product","link":"https:\/\/www.zozodesign.pl\/en\/sklep\/bransoletka-na-stope-pearl-z-wiszaca-literka-do-wyboru\/","title":{"rendered":"Bransoletka na stop\u0119 PEARL z wisz\u0105c\u0105 literk\u0105 do wyboru"},"content":{"rendered":"<ul>\n<li>bransoletka wykonana z pere\u0142 naturalnych hodowlanych oraz srebra pr\u00f3by 925, poz\u0142oconego 2 mikronami 24K z\u0142ota.<\/li>\n<li>rozmiar regulowany &#8211; 26 &#8211; 30 cm.<\/li>\n<\/ul>\n","protected":false},"excerpt":{"rendered":"<p>bransoletka wykonana z pere\u0142 naturalnych hodowlanych oraz srebra pr\u00f3by 925, poz\u0142oconego 2 mikronami 24K z\u0142ota. rozmiar regulowany &#8211; 26 &#8211; 30 cm.<\/p>\n","protected":false},"featured_media":-1,"template":"","meta":{"_acf_changed":false,"footnotes":""},"product_brand":[],"product_cat":[2614,2721,2611],"product_tag":[],"class_list":{"0":"post-416056","1":"product","2":"type-product","3":"status-publish","4":"has-post-thumbnail","6":"product_cat-ankle-bracelets","7":"product_cat-bizuteria-na-dzien-mamy-en","8":"product_cat-pearl-bracelets","10":"first","11":"instock","12":"shipping-taxable","13":"purchasable","14":"product-type-simple"},"acf":[],"yoast_head":"<!-- This site is optimized with the Yoast SEO plugin v25.4 - https:\/\/yoast.com\/wordpress\/plugins\/seo\/ -->\n<title>Bransoletka na stop\u0119 PEARL z wisz\u0105c\u0105 literk\u0105 do wyboru - ZoZo Design<\/title>\n<meta name=\"robots\" content=\"index, follow, max-snippet:-1, max-image-preview:large, max-video-preview:-1\" \/>\n<link rel=\"canonical\" href=\"https:\/\/www.zozodesign.pl\/en\/sklep\/bransoletka-na-stope-pearl-z-wiszaca-literka-do-wyboru\/\" \/>\n<meta property=\"og:locale\" content=\"en_US\" \/>\n<meta property=\"og:type\" content=\"article\" \/>\n<meta property=\"og:title\" content=\"Bransoletka na stop\u0119 PEARL z wisz\u0105c\u0105 literk\u0105 do wyboru - ZoZo Design\" \/>\n<meta property=\"og:description\" content=\"bransoletka wykonana z pere\u0142 naturalnych hodowlanych oraz srebra pr\u00f3by 925, poz\u0142oconego 2 mikronami 24K z\u0142ota. rozmiar regulowany &#8211; 26 &#8211; 30 cm.\" \/>\n<meta property=\"og:url\" content=\"https:\/\/www.zozodesign.pl\/en\/sklep\/bransoletka-na-stope-pearl-z-wiszaca-literka-do-wyboru\/\" \/>\n<meta property=\"og:site_name\" content=\"ZoZo Design\" \/>\n<meta property=\"article:publisher\" content=\"https:\/\/www.facebook.com\/zozodesignofficial\" \/>\n<meta name=\"twitter:card\" content=\"summary_large_image\" \/>\n<script type=\"application\/ld+json\" class=\"yoast-schema-graph\">{\"@context\":\"https:\/\/schema.org\",\"@graph\":[{\"@type\":\"WebPage\",\"@id\":\"https:\/\/www.zozodesign.pl\/en\/sklep\/bransoletka-na-stope-pearl-z-wiszaca-literka-do-wyboru\/\",\"url\":\"https:\/\/www.zozodesign.pl\/en\/sklep\/bransoletka-na-stope-pearl-z-wiszaca-literka-do-wyboru\/\",\"name\":\"Bransoletka na stop\u0119 PEARL z wisz\u0105c\u0105 literk\u0105 do wyboru - ZoZo Design\",\"isPartOf\":{\"@id\":\"https:\/\/www.zozodesign.pl\/#website\"},\"datePublished\":\"2026-05-14T16:44:08+00:00\",\"breadcrumb\":{\"@id\":\"https:\/\/www.zozodesign.pl\/en\/sklep\/bransoletka-na-stope-pearl-z-wiszaca-literka-do-wyboru\/#breadcrumb\"},\"inLanguage\":\"en-US\",\"potentialAction\":[{\"@type\":\"ReadAction\",\"target\":[\"https:\/\/www.zozodesign.pl\/en\/sklep\/bransoletka-na-stope-pearl-z-wiszaca-literka-do-wyboru\/\"]}]},{\"@type\":\"BreadcrumbList\",\"@id\":\"https:\/\/www.zozodesign.pl\/en\/sklep\/bransoletka-na-stope-pearl-z-wiszaca-literka-do-wyboru\/#breadcrumb\",\"itemListElement\":[{\"@type\":\"ListItem\",\"position\":1,\"name\":\"Strona g\u0142\u00f3wna\",\"item\":\"https:\/\/www.zozodesign.pl\/en\/\"},{\"@type\":\"ListItem\",\"position\":2,\"name\":\"Store\",\"item\":\"https:\/\/www.zozodesign.pl\/en\/shop\/\"},{\"@type\":\"ListItem\",\"position\":3,\"name\":\"Bransoletka na stop\u0119 PEARL z wisz\u0105c\u0105 literk\u0105 do wyboru\"}]},{\"@type\":\"WebSite\",\"@id\":\"https:\/\/www.zozodesign.pl\/#website\",\"url\":\"https:\/\/www.zozodesign.pl\/\",\"name\":\"ZoZo Design\",\"description\":\"\",\"publisher\":{\"@id\":\"https:\/\/www.zozodesign.pl\/#organization\"},\"potentialAction\":[{\"@type\":\"SearchAction\",\"target\":{\"@type\":\"EntryPoint\",\"urlTemplate\":\"https:\/\/www.zozodesign.pl\/?s={search_term_string}\"},\"query-input\":{\"@type\":\"PropertyValueSpecification\",\"valueRequired\":true,\"valueName\":\"search_term_string\"}}],\"inLanguage\":\"en-US\"},{\"@type\":\"Organization\",\"@id\":\"https:\/\/www.zozodesign.pl\/#organization\",\"name\":\"ZoZo Design\",\"url\":\"https:\/\/www.zozodesign.pl\/\",\"logo\":{\"@type\":\"ImageObject\",\"inLanguage\":\"en-US\",\"@id\":\"https:\/\/www.zozodesign.pl\/#\/schema\/logo\/image\/\",\"url\":\"https:\/\/www.zozodesign.pl\/wp-content\/uploads\/2021\/09\/zozodesign-logo.png\",\"contentUrl\":\"https:\/\/www.zozodesign.pl\/wp-content\/uploads\/2021\/09\/zozodesign-logo.png\",\"width\":150,\"height\":80,\"caption\":\"ZoZo Design\"},\"image\":{\"@id\":\"https:\/\/www.zozodesign.pl\/#\/schema\/logo\/image\/\"},\"sameAs\":[\"https:\/\/www.facebook.com\/zozodesignofficial\",\"https:\/\/www.instagram.com\/zozodesign_official\/\"]}]}<\/script>\n<!-- \/ Yoast SEO plugin. -->","yoast_head_json":{"title":"Bransoletka na stop\u0119 PEARL z wisz\u0105c\u0105 literk\u0105 do wyboru - ZoZo Design","robots":{"index":"index","follow":"follow","max-snippet":"max-snippet:-1","max-image-preview":"max-image-preview:large","max-video-preview":"max-video-preview:-1"},"canonical":"https:\/\/www.zozodesign.pl\/en\/sklep\/bransoletka-na-stope-pearl-z-wiszaca-literka-do-wyboru\/","og_locale":"en_US","og_type":"article","og_title":"Bransoletka na stop\u0119 PEARL z wisz\u0105c\u0105 literk\u0105 do wyboru - ZoZo Design","og_description":"bransoletka wykonana z pere\u0142 naturalnych hodowlanych oraz srebra pr\u00f3by 925, poz\u0142oconego 2 mikronami 24K z\u0142ota. rozmiar regulowany &#8211; 26 &#8211; 30 cm.","og_url":"https:\/\/www.zozodesign.pl\/en\/sklep\/bransoletka-na-stope-pearl-z-wiszaca-literka-do-wyboru\/","og_site_name":"ZoZo Design","article_publisher":"https:\/\/www.facebook.com\/zozodesignofficial","twitter_card":"summary_large_image","schema":{"@context":"https:\/\/schema.org","@graph":[{"@type":"WebPage","@id":"https:\/\/www.zozodesign.pl\/en\/sklep\/bransoletka-na-stope-pearl-z-wiszaca-literka-do-wyboru\/","url":"https:\/\/www.zozodesign.pl\/en\/sklep\/bransoletka-na-stope-pearl-z-wiszaca-literka-do-wyboru\/","name":"Bransoletka na stop\u0119 PEARL z wisz\u0105c\u0105 literk\u0105 do wyboru - ZoZo Design","isPartOf":{"@id":"https:\/\/www.zozodesign.pl\/#website"},"datePublished":"2026-05-14T16:44:08+00:00","breadcrumb":{"@id":"https:\/\/www.zozodesign.pl\/en\/sklep\/bransoletka-na-stope-pearl-z-wiszaca-literka-do-wyboru\/#breadcrumb"},"inLanguage":"en-US","potentialAction":[{"@type":"ReadAction","target":["https:\/\/www.zozodesign.pl\/en\/sklep\/bransoletka-na-stope-pearl-z-wiszaca-literka-do-wyboru\/"]}]},{"@type":"BreadcrumbList","@id":"https:\/\/www.zozodesign.pl\/en\/sklep\/bransoletka-na-stope-pearl-z-wiszaca-literka-do-wyboru\/#breadcrumb","itemListElement":[{"@type":"ListItem","position":1,"name":"Strona g\u0142\u00f3wna","item":"https:\/\/www.zozodesign.pl\/en\/"},{"@type":"ListItem","position":2,"name":"Store","item":"https:\/\/www.zozodesign.pl\/en\/shop\/"},{"@type":"ListItem","position":3,"name":"Bransoletka na stop\u0119 PEARL z wisz\u0105c\u0105 literk\u0105 do wyboru"}]},{"@type":"WebSite","@id":"https:\/\/www.zozodesign.pl\/#website","url":"https:\/\/www.zozodesign.pl\/","name":"ZoZo Design","description":"","publisher":{"@id":"https:\/\/www.zozodesign.pl\/#organization"},"potentialAction":[{"@type":"SearchAction","target":{"@type":"EntryPoint","urlTemplate":"https:\/\/www.zozodesign.pl\/?s={search_term_string}"},"query-input":{"@type":"PropertyValueSpecification","valueRequired":true,"valueName":"search_term_string"}}],"inLanguage":"en-US"},{"@type":"Organization","@id":"https:\/\/www.zozodesign.pl\/#organization","name":"ZoZo Design","url":"https:\/\/www.zozodesign.pl\/","logo":{"@type":"ImageObject","inLanguage":"en-US","@id":"https:\/\/www.zozodesign.pl\/#\/schema\/logo\/image\/","url":"https:\/\/www.zozodesign.pl\/wp-content\/uploads\/2021\/09\/zozodesign-logo.png","contentUrl":"https:\/\/www.zozodesign.pl\/wp-content\/uploads\/2021\/09\/zozodesign-logo.png","width":150,"height":80,"caption":"ZoZo Design"},"image":{"@id":"https:\/\/www.zozodesign.pl\/#\/schema\/logo\/image\/"},"sameAs":["https:\/\/www.facebook.com\/zozodesignofficial","https:\/\/www.instagram.com\/zozodesign_official\/"]}]}},"_links":{"self":[{"href":"https:\/\/www.zozodesign.pl\/en\/wp-json\/wp\/v2\/product\/416056","targetHints":{"allow":["GET"]}}],"collection":[{"href":"https:\/\/www.zozodesign.pl\/en\/wp-json\/wp\/v2\/product"}],"about":[{"href":"https:\/\/www.zozodesign.pl\/en\/wp-json\/wp\/v2\/types\/product"}],"version-history":[{"count":0,"href":"https:\/\/www.zozodesign.pl\/en\/wp-json\/wp\/v2\/product\/416056\/revisions"}],"wp:featuredmedia":[{"embeddable":true,"href":"https:\/\/www.zozodesign.pl\/en\/wp-json\/"}],"wp:attachment":[{"href":"https:\/\/www.zozodesign.pl\/en\/wp-json\/wp\/v2\/media?parent=416056"}],"wp:term":[{"taxonomy":"product_brand","embeddable":true,"href":"https:\/\/www.zozodesign.pl\/en\/wp-json\/wp\/v2\/product_brand?post=416056"},{"taxonomy":"product_cat","embeddable":true,"href":"https:\/\/www.zozodesign.pl\/en\/wp-json\/wp\/v2\/product_cat?post=416056"},{"taxonomy":"product_tag","embeddable":true,"href":"https:\/\/www.zozodesign.pl\/en\/wp-json\/wp\/v2\/product_tag?post=416056"}],"curies":[{"name":"wp","href":"https:\/\/api.w.org\/{rel}","templated":true}]}}